{"id":3569,"date":"2023-07-24T17:01:29","date_gmt":"2023-07-24T14:01:29","guid":{"rendered":"https:\/\/jova.myco.site\/?page_id=3569"},"modified":"2023-07-24T17:04:12","modified_gmt":"2023-07-24T14:04:12","slug":"standart-makale-sablonu","status":"publish","type":"page","link":"https:\/\/www.jovarchaeology.com\/en\/standart-makale-sablonu\/","title":{"rendered":"Standart Makale \u015eablonu"},"content":{"rendered":"<div data-elementor-type=\"wp-page\" data-elementor-id=\"3569\" class=\"elementor elementor-3569\">\n\t\t\t\t\t\t\t\t\t<section class=\"elementor-section elementor-top-section elementor-element elementor-element-cd5560a elementor-section-boxed elementor-section-height-default elementor-section-height-default\" data-id=\"cd5560a\" data-element_type=\"section\">\n\t\t\t\t\t\t<div class=\"elementor-container elementor-column-gap-default\">\n\t\t\t\t\t<div class=\"elementor-column elementor-col-100 elementor-top-column elementor-element elementor-element-f7aa187\" data-id=\"f7aa187\" data-element_type=\"column\">\n\t\t\t<div class=\"elementor-widget-wrap elementor-element-populated\">\n\t\t\t\t\t\t\t\t<div class=\"elementor-element elementor-element-4069ebd elementor-widget elementor-widget-jet-listing-dynamic-field\" data-id=\"4069ebd\" data-element_type=\"widget\" data-widget_type=\"jet-listing-dynamic-field.default\">\n\t\t\t\t<div class=\"elementor-widget-container\">\n\t\t\t<div class=\"jet-listing jet-listing-dynamic-field display-inline\"><div class=\"jet-listing-dynamic-field__inline-wrap\"><h1 class=\"jet-listing-dynamic-field__content\">Standart Makale \u015eablonu<\/h1><\/div><\/div>\t\t<\/div>\n\t\t\t\t<\/div>\n\t\t\t\t<div class=\"elementor-element elementor-element-0791420 elementor-widget elementor-widget-jet-listing-dynamic-field\" data-id=\"0791420\" data-element_type=\"widget\" data-widget_type=\"jet-listing-dynamic-field.default\">\n\t\t\t\t<div class=\"elementor-widget-container\">\n\t\t\t<div class=\"jet-listing jet-listing-dynamic-field display-inline\"><div class=\"jet-listing-dynamic-field__inline-wrap\"><div class=\"jet-listing-dynamic-field__content\"><p><strong>STANDART MAKALE \u015eABLONU<\/strong><\/p>\n<p>Bu \u015fablon, JOVA'ya g\u00f6nderim i\u00e7in bi\u00e7imlendirme ve talimatlar\u0131 i\u00e7erir. Do\u011frudan bu belgeye yaz\u0131n. G\u00f6nderilen makale orijinal metni i\u00e7ermelidir.<\/p>\n<p><strong>BA\u015eLIK<\/strong><\/p>\n<p>Ba\u015fl\u0131k maksimum 150 karakter olmal\u0131d\u0131r. K\u0131saltma kullanmaktan ka\u00e7\u0131n\u0131n.<\/p>\n<p><strong>YAZAR(LAR)<\/strong><\/p>\n<ul>\n<li>T\u00fcm yazarlar i\u00e7in tam, k\u0131salt\u0131lmam\u0131\u015f adresleri ve kurumsal e-posta adresleri verilmelidir.<\/li>\n<li>L\u00fctfen Etik \u0130lkeleri ve Yay\u0131n Politikas\u0131 b\u00f6l\u00fcm\u00fcne bak\u0131n.<\/li>\n<\/ul>\n<p><strong>\u00d6ZET<\/strong><\/p>\n<p>En az 100 kelime, en fazla 300 kelime.<\/p>\n<p><strong>METODOLOJ\u0130<\/strong><\/p>\n<p>Metodoloji metni, sunulan y\u00f6ntemlerin hem uzmanlar hem de bu alanda yeni olan ara\u015ft\u0131rmac\u0131lar taraf\u0131ndan do\u011fru bir \u015fekilde tekrarlanabilmesini sa\u011flamak i\u00e7in ayr\u0131nt\u0131l\u0131 bir a\u00e7\u0131klama sa\u011flamal\u0131d\u0131r. Metodoloji, birden \u00e7ok a\u00e7\u0131k\u00e7a farkl\u0131 b\u00f6l\u00fcme ayr\u0131lmal\u0131d\u0131r.<\/p>\n<p>Metin yaz\u0131lar\u0131, \u015firketlerin veya \u00fcr\u00fcnlerinin tan\u0131t\u0131m\u0131n\u0131 veya reklam\u0131n\u0131 te\u015fkil edecek a\u00e7\u0131klamalardan ka\u00e7\u0131nmal\u0131d\u0131r. Gerekirse, bir ara\u015ft\u0131rma arac\u0131n\u0131n ticari ad\u0131 bir kez belirtilebilir ve bu ara\u015ft\u0131rma arac\u0131n\u0131n genel olarak kabul g\u00f6ren bir jenerik ad\u0131 metin boyunca kullan\u0131lmal\u0131d\u0131r.<\/p>\n<p><strong>TARTI\u015eMA<\/strong><\/p>\n<p>A\u015fa\u011f\u0131dakiler de\u00a0 olmak \u00fczere konunuzu al\u0131nt\u0131larla tart\u0131\u015f\u0131n:<\/p>\n<p>Mevcut\/alternatif y\u00f6ntemlere g\u00f6re y\u00f6ntemin \u00f6nemi.<\/p>\n<p>Belirli ara\u015ft\u0131rma alanlar\u0131nda y\u00f6ntemin \u00f6nemi ve potansiyel uygulamalar\u0131.<\/p>\n<p><strong>SONU\u00c7<\/strong><\/p>\n<p>(3\u20136 paragraf olmal\u0131d\u0131r)<\/p>\n<p>\u0130zleyicinin \"olumlu\" ve\/veya \"olumsuz\" bir sonu\u00e7 alg\u0131s\u0131na sahip olabilmesi i\u00e7in, bu y\u00f6ntemin kullan\u0131lmas\u0131n\u0131n ard\u0131ndan temsili sonu\u00e7lar\u0131n k\u0131sa ve \u00f6z bir \u015fekilde yaz\u0131l\u0131 a\u00e7\u0131klamas\u0131n\u0131 sa\u011flay\u0131n.<\/p>\n<p>T\u00fcm iddialar verilerle desteklenmelidir.<\/p>\n<p><strong>TE\u015eEKK\u00dcRLER<\/strong><\/p>\n<p>Burada t\u00fcm te\u015fekk\u00fcrleri ve finansman kaynaklar\u0131n\u0131 listeleyin.<\/p>\n<p><strong>REFERANSLAR<\/strong><\/p>\n<p>Bkz. <a href=\"#\" target=\"_blank\" rel=\"noopener\">Writing rules<\/a><\/p>\n<p><strong>GENEL KURALLAR<\/strong><\/p>\n<ul>\n<li>Videoda \u00f6ne \u00e7\u0131kar\u0131lacak metni sar\u0131 renkle vurgulay\u0131n.<\/li>\n<li>T\u00fcm ayr\u0131nt\u0131lar\u0131n g\u00f6r\u00fcn\u00fcr oldu\u011fundan ve bi\u00e7imlendirmenin ba\u015ftan sona tutarl\u0131 oldu\u011fundan emin olun.<\/li>\n<li>T\u00fcm tablolar ayr\u0131 .xls veya .xlsx dosyalar\u0131 olarak sa\u011flanmal\u0131 ve tablo olarak g\u00f6nderilmelidir. Tablolarda herhangi bir renklendirme veya bi\u00e7imlendirme yapmaktan ka\u00e7\u0131n\u0131n.<\/li>\n<li>Ek \u015fekiller\/tablolar da dahil olmak \u00fczere her \u015fekil veya tablo, k\u0131sa bir ba\u015fl\u0131k ve her panelin k\u0131sa bir tan\u0131m\u0131ndan veya genel bir a\u00e7\u0131klamadan olu\u015fan bir a\u00e7\u0131klama i\u00e7ermelidir.<\/li>\n<\/ul>\n<\/div><\/div><\/div>\t\t<\/div>\n\t\t\t\t<\/div>\n\t\t\t\t\t<\/div>\n\t\t<\/div>\n\t\t\t\t\t\t\t<\/div>\n\t\t<\/section>\n\t\t\t\t\t\t\t<\/div>","protected":false},"excerpt":{"rendered":"<p>Standart Makale \u015eablonu STANDART MAKALE \u015eABLONU Bu \u015fablon, JOVA&#8217;ya g\u00f6nderim i\u00e7in bi\u00e7imlendirme ve talimatlar\u0131 i\u00e7erir. Do\u011frudan bu belgeye yaz\u0131n. G\u00f6nderilen makale orijinal metni i\u00e7ermelidir. BA\u015eLIK Ba\u015fl\u0131k maksimum 150 karakter olmal\u0131d\u0131r. K\u0131saltma kullanmaktan ka\u00e7\u0131n\u0131n. YAZAR(LAR) T\u00fcm yazarlar i\u00e7in tam, k\u0131salt\u0131lmam\u0131\u015f adresleri ve kurumsal e-posta adresleri verilmelidir. L\u00fctfen Etik \u0130lkeleri ve Yay\u0131n Politikas\u0131 b\u00f6l\u00fcm\u00fcne bak\u0131n. \u00d6ZET En [&hellip;]<\/p>","protected":false},"author":1,"featured_media":0,"parent":0,"menu_order":0,"comment_status":"closed","ping_status":"closed","template":"elementor_header_footer","meta":{"_jf_save_progress":"","_jf_limit_responses":"","_jet_sm_ready_style":"","_jet_sm_style":"","_jet_sm_controls_values":"","_jet_sm_fonts_collection":"","_jet_sm_fonts_links":"","footnotes":""},"coauthors":[80],"class_list":["post-3569","page","type-page","status-publish","hentry"],"_links":{"self":[{"href":"https:\/\/www.jovarchaeology.com\/en\/wp-json\/wp\/v2\/pages\/3569","targetHints":{"allow":["GET"]}}],"collection":[{"href":"https:\/\/www.jovarchaeology.com\/en\/wp-json\/wp\/v2\/pages"}],"about":[{"href":"https:\/\/www.jovarchaeology.com\/en\/wp-json\/wp\/v2\/types\/page"}],"author":[{"embeddable":true,"href":"https:\/\/www.jovarchaeology.com\/en\/wp-json\/wp\/v2\/users\/1"}],"replies":[{"embeddable":true,"href":"https:\/\/www.jovarchaeology.com\/en\/wp-json\/wp\/v2\/comments?post=3569"}],"version-history":[{"count":0,"href":"https:\/\/www.jovarchaeology.com\/en\/wp-json\/wp\/v2\/pages\/3569\/revisions"}],"wp:attachment":[{"href":"https:\/\/www.jovarchaeology.com\/en\/wp-json\/wp\/v2\/media?parent=3569"}],"wp:term":[{"taxonomy":"author","embeddable":true,"href":"https:\/\/www.jovarchaeology.com\/en\/wp-json\/wp\/v2\/coauthors?post=3569"}],"curies":[{"name":"wp","href":"https:\/\/api.w.org\/{rel}","templated":true}]}}