{"id":3342,"date":"2023-06-22T17:26:14","date_gmt":"2023-06-22T14:26:14","guid":{"rendered":"https:\/\/jova.myco.site\/?page_id=3342"},"modified":"2023-07-24T17:06:38","modified_gmt":"2023-07-24T14:06:38","slug":"yazim-kurallari","status":"publish","type":"page","link":"https:\/\/www.jovarchaeology.com\/en\/yazim-kurallari\/","title":{"rendered":"Writing rules"},"content":{"rendered":"<div data-elementor-type=\"wp-page\" data-elementor-id=\"3342\" class=\"elementor elementor-3342\">\n\t\t\t\t\t\t\t\t\t<section class=\"elementor-section elementor-top-section elementor-element elementor-element-34b8596 elementor-section-boxed elementor-section-height-default elementor-section-height-default\" data-id=\"34b8596\" data-element_type=\"section\">\n\t\t\t\t\t\t<div class=\"elementor-container elementor-column-gap-default\">\n\t\t\t\t\t<div class=\"elementor-column elementor-col-100 elementor-top-column elementor-element elementor-element-68d155b\" data-id=\"68d155b\" data-element_type=\"column\">\n\t\t\t<div class=\"elementor-widget-wrap elementor-element-populated\">\n\t\t\t\t\t\t\t\t<div class=\"elementor-element elementor-element-1b11cc8 elementor-widget elementor-widget-jet-listing-dynamic-field\" data-id=\"1b11cc8\" data-element_type=\"widget\" data-widget_type=\"jet-listing-dynamic-field.default\">\n\t\t\t\t<div class=\"elementor-widget-container\">\n\t\t\t<div class=\"jet-listing jet-listing-dynamic-field display-inline\"><div class=\"jet-listing-dynamic-field__inline-wrap\"><h1 class=\"jet-listing-dynamic-field__content\">Writing rules<\/h1><\/div><\/div>\t\t<\/div>\n\t\t\t\t<\/div>\n\t\t\t\t<div class=\"elementor-element elementor-element-4453b86 elementor-widget elementor-widget-jet-listing-dynamic-field\" data-id=\"4453b86\" data-element_type=\"widget\" data-widget_type=\"jet-listing-dynamic-field.default\">\n\t\t\t\t<div class=\"elementor-widget-container\">\n\t\t\t<div class=\"jet-listing jet-listing-dynamic-field display-inline\"><div class=\"jet-listing-dynamic-field__inline-wrap\"><div class=\"jet-listing-dynamic-field__content\"><p><!-- wp:heading --><\/p>\n<h4 class=\"wp-block-heading\"><span class=\"s4\">Notes to Authors (Writing Rules and Citation Formats)<\/span><\/h4>\n<p><!-- \/wp:heading --> <!-- wp:paragraph --><\/p>\n<p><span class=\"s5\">Articles to be sent to the journal for publication <\/span><span class=\"s5\">and books <\/span><span class=\"s5\">It should be prepared according to the rules stated below. <\/span><\/p>\n<p><!-- \/wp:paragraph --> <!-- wp:paragraph --><\/p>\n<p><span class=\"s5\">Abbreviations to be used in articles in this magazine<\/span><span class=\"s5\">in<\/span><span class=\"s5\">, German Archeology<\/span><span class=\"s5\"> Institute <\/span><span class=\"s5\">(<\/span><span class=\"s5\">chrome-extension:\/\/efaidnbmnnnibpcajpcglclefindmkaj\/https:\/\/www.dainst.org\/documents\/10180\/70593\/03_Liste+abzuk%C3%BCrzender+Zeitschriften_quer.pdf\/2646d351-8e5d-4e8b-8acd-54f3c272d3ff<\/span><span class=\"s5\">)<\/span><span class=\"s5\">, or Archeology of America <\/span><span class=\"s5\">Institute<\/span><span class=\"s5\">of <\/span><span class=\"s5\">(<\/span><a href=\"https:\/\/www.ajaonline.org\/submissions\/abbreviations\" target=\"_blank\" rel=\"noopener\"><span class=\"s6\">https:\/\/www.ajaonline.org\/submissions\/abbreviations<\/span><\/a><span class=\"s5\">) <\/span><span class=\"s5\">broadcasting rules, <\/span><span class=\"s5\">In the abbreviation of Ancient Sources <\/span><span class=\"s5\">Der Kleine Pauly<\/span><span class=\"s5\">&#039;s suggestions<\/span><span class=\"s5\"> pay attention<\/span><span class=\"s5\">property<\/span><span class=\"s5\">.<\/span><\/p>\n<p><!-- \/wp:paragraph --> <!-- wp:heading --><\/p>\n<h4 class=\"wp-block-heading\"><span class=\"s4\">Abstracts and Keywords<\/span><\/h4>\n<p><!-- \/wp:heading --> <!-- wp:list --><\/p>\n<ul>\n<li style=\"list-style-type: none\">\n<ul><!-- wp:list-item --><\/p>\n<li><span class=\"s5\">Articles can be written in English and Turkish. The title of the article must be in Turkish and English as well as in its original language. The abstract should include the purpose, method, evaluation and conclusion of the article. Article abstract <\/span><span class=\"s5\">3<\/span><span class=\"s5\">It should be written in Turkish and English, not exceeding 00 words. The abstract section should not contain text or figure references, quotes or footnotes.<\/span><\/li>\n<\/ul>\n<\/li>\n<\/ul>\n<p><!-- \/wp:list-item --> <!-- wp:list-item --><\/p>\n<ul>\n<li style=\"list-style-type: none\">\n<ul>\n<li><span class=\"s5\">There should be five keywords under the abstract. Key words should be prepared in Turkish and English.<\/span><\/li>\n<\/ul>\n<\/li>\n<\/ul>\n<p><!-- \/wp:list-item --> <!-- wp:list-item --><\/p>\n<ul>\n<li style=\"list-style-type: none\">\n<ul>\n<li><span class=\"s5\">The first page of the article should include article titles, author name(s), abstracts, keywords, and the author&#039;s address and contact information as footnotes. The text should be written in Times New Roman font, 12 point, 1.5 line spacing from beginning to end. The margins on both sides, top and bottom margins must be at least 3 cm.<\/span><\/li>\n<\/ul>\n<\/li>\n<\/ul>\n<p><!-- \/wp:list-item --> <!-- wp:list-item --><\/p>\n<ul>\n<li style=\"list-style-type: none\">\n<ul>\n<li><span class=\"s5\">Digital text must be in Word format. <\/span><span class=\"s5\">Moreover <\/span><span class=\"s5\">\u201c.tiff\u201d or \u201c.jpeg\u201d <\/span><span class=\"s5\">There is no need to send photos in format<\/span><span class=\"s5\">. <\/span><span class=\"s5\">However, it must be documented that the copyright in the photographs belongs to the author. Photographs that may have copyright issues should not be used in the text. <\/span><\/li>\n<\/ul>\n<\/li>\n<\/ul>\n<p><!-- \/wp:list-item --><\/p>\n<p><!-- \/wp:list --> <!-- wp:heading --><\/p>\n<h4 class=\"wp-block-heading\"><span class=\"s4\">Abstracts and Keywords<\/span><\/h4>\n<p><!-- \/wp:heading --> <!-- wp:list --><\/p>\n<ul>\n<li style=\"list-style-type: none\">\n<ul><!-- wp:list-item --><\/p>\n<li><span class=\"s5\">Articles can be written in English and Turkish. The title of the article must be in Turkish and English as well as in its original language. The abstract should include the purpose, method, evaluation and conclusion of the article. Article abstract <\/span><span class=\"s5\">3<\/span><span class=\"s5\">It should be written in Turkish and English, not exceeding 00 words. The abstract section should not contain text or figure references, quotes or footnotes.<\/span><\/li>\n<\/ul>\n<\/li>\n<\/ul>\n<p><!-- \/wp:list-item --> <!-- wp:list-item --><\/p>\n<ul>\n<li style=\"list-style-type: none\">\n<ul>\n<li><span class=\"s5\">There should be five keywords under the abstract. Key words should be prepared in Turkish and English.<\/span><\/li>\n<\/ul>\n<\/li>\n<\/ul>\n<p><!-- \/wp:list-item --> <!-- wp:list-item --><\/p>\n<ul>\n<li style=\"list-style-type: none\">\n<ul>\n<li><span class=\"s5\">The first page of the article should include article titles, author name(s), abstracts, keywords, and the author&#039;s address and contact information as footnotes. The text should be written in Times New Roman font, 12 point, 1.5 line spacing from beginning to end. The margins on both sides, top and bottom margins must be at least 3 cm.<\/span><\/li>\n<\/ul>\n<\/li>\n<\/ul>\n<p><!-- \/wp:list-item --> <!-- wp:list-item --><\/p>\n<ul>\n<li style=\"list-style-type: none\">\n<ul>\n<li><span class=\"s5\">Digital text must be in Word format. Additionally, there is no need to send photos in \u201c.tiff\u201d or \u201c.jpeg\u201d format. However, it must be documented that the copyright in the photographs belongs to the author. Photographs that may have copyright issues should not be used in the text. <\/span><\/li>\n<\/ul>\n<\/li>\n<\/ul>\n<p><!-- \/wp:list-item --><\/p>\n<p><!-- \/wp:list --> <!-- wp:paragraph --><\/p>\n<div class=\"wp-block-columns\">\n<div class=\"wp-block-column\">\n<p><img data-dominant-color=\"fbfbfb\" data-has-transparency=\"true\" style=\"--dominant-color: #fbfbfb;\" decoding=\"async\" class=\"has-transparency alignnone wp-image-3556\" src=\"https:\/\/jovarchaeology.com\/wp-content\/uploads\/2023\/07\/Screenshot-2023-07-24-at-14.35.04-300x143.png\" alt=\"\" width=\"845\" height=\"403\" srcset=\"https:\/\/www.jovarchaeology.com\/wp-content\/uploads\/2023\/07\/Screenshot-2023-07-24-at-14.35.04-300x143.png 300w, https:\/\/www.jovarchaeology.com\/wp-content\/uploads\/2023\/07\/Screenshot-2023-07-24-at-14.35.04-1024x487.png 1024w, https:\/\/www.jovarchaeology.com\/wp-content\/uploads\/2023\/07\/Screenshot-2023-07-24-at-14.35.04-768x365.png 768w, https:\/\/www.jovarchaeology.com\/wp-content\/uploads\/2023\/07\/Screenshot-2023-07-24-at-14.35.04-1536x730.png 1536w, https:\/\/www.jovarchaeology.com\/wp-content\/uploads\/2023\/07\/Screenshot-2023-07-24-at-14.35.04-2048x974.png 2048w, https:\/\/www.jovarchaeology.com\/wp-content\/uploads\/2023\/07\/Screenshot-2023-07-24-at-14.35.04-600x285.png 600w\" sizes=\"(max-width: 845px) 100vw, 845px\" \/><\/p>\n<p><!-- \/wp:paragraph --><\/p>\n<\/div>\n<p><!-- \/wp:column --><\/p>\n<\/div>\n<p><!-- \/wp:columns --> <!-- wp:heading --><\/p>\n<h4 class=\"wp-block-heading\">pictures<\/h4>\n<p><!-- \/wp:heading --> <!-- wp:list --><\/p>\n<ol>\n<li style=\"list-style-type: none\">\n<ol><!-- wp:list-item --><\/p>\n<li>The term \u201cpicture\u201d is used for all photographs, maps and tables in the article. An image number is given for each image. Each picture should have a counterpart in the text and the relevant references should go sequentially (fig. 1, 2, 3).<\/li>\n<\/ol>\n<\/li>\n<\/ol>\n<p><!-- \/wp:list-item --> <!-- wp:list-item --><\/p>\n<ol>\n<li style=\"list-style-type: none\">\n<ol>\n<li>If a map is to be used, fig. There should be a map indicating the geographical location of the region or study area that is the subject of 1 article. When designing the map, it should be taken into consideration that JoVA magazine has an international readership. Articles containing field reports should include at least one photograph showing the excavation area and its surroundings.<\/li>\n<\/ol>\n<\/li>\n<\/ol>\n<p><!-- \/wp:list-item --> <!-- wp:list-item --><\/p>\n<ol>\n<li style=\"list-style-type: none\">\n<ol>\n<li>In the List of Images, the word \u201cFigure\u201d should be the first phrase of each title. For example, Figure1. Map Showing Bursa Walled City and Its Surroundings. Photo: Author or Jobst 1978, 43 fig. 4.<\/li>\n<\/ol>\n<\/li>\n<\/ol>\n<p><!-- \/wp:list-item --><\/p>\n<p><!-- \/wp:list --> <!-- wp:heading --><\/p>\n<h4 class=\"wp-block-heading\">Tables and Texts with Special Fonts<\/h4>\n<p><!-- \/wp:heading --> <!-- wp:paragraph --><\/p>\n<p>Since the original layout of tables and texts using special fonts is easily damaged, a printed copy of each table or written text must also be sent in &quot;.pdf&quot; format.<!-- \/wp:paragraph --><\/p>\n<\/div><\/div><\/div>\t\t<\/div>\n\t\t\t\t<\/div>\n\t\t\t\t\t<\/div>\n\t\t<\/div>\n\t\t\t\t\t\t\t<\/div>\n\t\t<\/section>\n\t\t\t\t\t\t\t<\/div>","protected":false},"excerpt":{"rendered":"<p>Yaz\u0131m Kurallar\u0131 Yazarlara Notlar (Yaz\u0131m Kurallar\u0131 ve Kaynak G\u00f6sterme Bi\u00e7imleri) Dergiye yay\u0131nlanmak \u00fczere g\u00f6nderilecek olan makaleler ve kitaplar a\u015fa\u011f\u0131da belirtilen kurallara g\u00f6re haz\u0131rlanmal\u0131d\u0131r. Bu dergideki makalelerde kullan\u0131lacak olan k\u0131saltmalarda, Alman Arkeoloji Enstit\u00fcs\u00fc (chrome-extension:\/\/efaidnbmnnnibpcajpcglclefindmkaj\/https:\/\/www.dainst.org\/documents\/10180\/70593\/03_Liste+abzuk%C3%BCrzender+Zeitschriften_quer.pdf\/2646d351-8e5d-4e8b-8acd-54f3c272d3ff), veya Amerika Arkeoloji Enstit\u00fcs\u00fcn\u00fcn (https:\/\/www.ajaonline.org\/submissions\/abbreviations) yay\u0131n kurallar\u0131, Antik Kaynaklar\u0131n k\u0131saltmas\u0131nda Der Kleine Pauly\u2019nin \u00f6nerileri dikkate al\u0131nmal\u0131d\u0131r. \u00d6zler ve Anahtar Kelimeler \u00d6zler ve [&hellip;]<\/p>","protected":false},"author":16,"featured_media":0,"parent":0,"menu_order":0,"comment_status":"closed","ping_status":"closed","template":"elementor_header_footer","meta":{"_jf_save_progress":"","_jf_limit_responses":"","_jet_sm_ready_style":"","_jet_sm_style":"","_jet_sm_controls_values":"","_jet_sm_fonts_collection":"","_jet_sm_fonts_links":"","footnotes":""},"coauthors":[102],"class_list":["post-3342","page","type-page","status-publish","hentry"],"_links":{"self":[{"href":"https:\/\/www.jovarchaeology.com\/en\/wp-json\/wp\/v2\/pages\/3342","targetHints":{"allow":["GET"]}}],"collection":[{"href":"https:\/\/www.jovarchaeology.com\/en\/wp-json\/wp\/v2\/pages"}],"about":[{"href":"https:\/\/www.jovarchaeology.com\/en\/wp-json\/wp\/v2\/types\/page"}],"author":[{"embeddable":true,"href":"https:\/\/www.jovarchaeology.com\/en\/wp-json\/wp\/v2\/users\/16"}],"replies":[{"embeddable":true,"href":"https:\/\/www.jovarchaeology.com\/en\/wp-json\/wp\/v2\/comments?post=3342"}],"version-history":[{"count":0,"href":"https:\/\/www.jovarchaeology.com\/en\/wp-json\/wp\/v2\/pages\/3342\/revisions"}],"wp:attachment":[{"href":"https:\/\/www.jovarchaeology.com\/en\/wp-json\/wp\/v2\/media?parent=3342"}],"wp:term":[{"taxonomy":"author","embeddable":true,"href":"https:\/\/www.jovarchaeology.com\/en\/wp-json\/wp\/v2\/coauthors?post=3342"}],"curies":[{"name":"wp","href":"https:\/\/api.w.org\/{rel}","templated":true}]}}