{"id":3,"date":"2023-03-09T13:36:18","date_gmt":"2023-03-09T10:36:18","guid":{"rendered":"https:\/\/jova.myco.site\/?page_id=3"},"modified":"2023-07-24T17:08:39","modified_gmt":"2023-07-24T14:08:39","slug":"gizlilik-politikasi","status":"publish","type":"page","link":"https:\/\/www.jovarchaeology.com\/en\/gizlilik-politikasi\/","title":{"rendered":"Gizlilik Politikas\u0131"},"content":{"rendered":"<div data-elementor-type=\"wp-page\" data-elementor-id=\"3\" class=\"elementor elementor-3\">\n\t\t\t\t\t\t\t\t\t<section class=\"elementor-section elementor-top-section elementor-element elementor-element-7c7b58f elementor-section-boxed elementor-section-height-default elementor-section-height-default\" data-id=\"7c7b58f\" data-element_type=\"section\">\n\t\t\t\t\t\t<div class=\"elementor-container elementor-column-gap-default\">\n\t\t\t\t\t<div class=\"elementor-column elementor-col-100 elementor-top-column elementor-element elementor-element-6473192\" data-id=\"6473192\" data-element_type=\"column\">\n\t\t\t<div class=\"elementor-widget-wrap elementor-element-populated\">\n\t\t\t\t\t\t\t\t<div class=\"elementor-element elementor-element-2e92b46 elementor-widget elementor-widget-jet-listing-dynamic-field\" data-id=\"2e92b46\" data-element_type=\"widget\" data-widget_type=\"jet-listing-dynamic-field.default\">\n\t\t\t\t<div class=\"elementor-widget-container\">\n\t\t\t<div class=\"jet-listing jet-listing-dynamic-field display-inline\"><div class=\"jet-listing-dynamic-field__inline-wrap\"><h1 class=\"jet-listing-dynamic-field__content\">Gizlilik Politikas\u0131<\/h1><\/div><\/div>\t\t<\/div>\n\t\t\t\t<\/div>\n\t\t\t\t<div class=\"elementor-element elementor-element-8807078 elementor-widget elementor-widget-jet-listing-dynamic-field\" data-id=\"8807078\" data-element_type=\"widget\" data-widget_type=\"jet-listing-dynamic-field.default\">\n\t\t\t\t<div class=\"elementor-widget-container\">\n\t\t\t<div class=\"jet-listing jet-listing-dynamic-field display-inline\"><div class=\"jet-listing-dynamic-field__inline-wrap\"><div class=\"jet-listing-dynamic-field__content\"><p><b>Ethical Responsibilities of the Editor and Scientific Committee<\/b><\/p>\n<ul>\n<li>The editor has full responsibility and authority to accept or reject an article.<\/li>\n<li>The Scientific Board deals with the scientific content and writing rules associated with the journal.<\/li>\n<li>The Scientific Committee should not have a conflict of interest regarding the accepted or rejected articles.<\/li>\n<li>The Scientific Committee should only accept articles that will contribute to the field.<\/li>\n<li>The Scientific Committee should support the publication or withdrawal of the correction when errors are found.<\/li>\n<li>The editor should keep the names of the referees confidential and prevent plagiarism\/fake data.<\/li>\n<li>The editor will take reasonable steps to identify and prevent publication of articles where research misconduct occurs.<\/li>\n<\/ul>\n<p><b>Ethical Responsibilities of Referees <\/b><\/p>\n<ul>\n<li>All articles will be subject to peer-review process, and if necessary, they will be discussed in the scientific committee of the journal. Comments from the referees are forwarded to the authors and when necessary, the author is asked to revise the article.<\/li>\n<li>JOVA applies the principle of one-way blind refereeing, in which the author(s) do not know the referees and the referees see the names of the authors during the article evaluation process.<\/li>\n<li>Peer review is defined as getting advice on individual articles from reviewers&#039; experts in the field.<\/li>\n<li>Judges&#039; decisions must be objective.<\/li>\n<li>Referees should not have a conflict of interest.<\/li>\n<li>Referees should cite works that have been published but not yet cited.<\/li>\n<li>Reviewers should keep the reviewed articles confidential. Reviewers cannot communicate directly with authors; Article evaluation forms and notes on the text are forwarded to the author(s) by the editors.<\/li>\n<li>Regarding the articles evaluated by the referees,<b>Referee Evaluation Form<\/b>They must fill in the . In this form, the referees are required to state their decision on whether the article they are evaluating is publishable or not, and the reasons for their decision.<\/li>\n<li>JOVA does not pay any fee to referees for article evaluation processes at any stage.<\/li>\n<\/ul>\n<p><b>Ethical Responsibilities of Authors <\/b><\/p>\n<ul>\n<li>Authors should include a statement that they comply with research and publication ethics in their articles.<\/li>\n<li>Authors must comply with copyright regulations for the intellectual and artistic works they use. Authors must obtain permission from the copyright holder when using previously published content, including images, tables or any other content in print or electronic format. All legal, financial and penal responsibilities in this matter belong to the authors.<\/li>\n<li>Authors are obliged to participate in the referee evaluation process. All articles submitted to JOVA are evaluated through a single-blind peer-review process.<\/li>\n<li>All authors must contribute significantly to the research. Author(s) should cite the sources they used in their articles correctly and should prepare their articles in accordance with the &#039;Notes to Authors (Writing Rules and Citation Formats)&#039; determined by the journal.<\/li>\n<li>All authors are responsible for ensuring that errors are retracted or corrected.<\/li>\n<li>Articles should not be submitted to a journal other than JOVA for simultaneous publication. Translations of articles published elsewhere are not accepted for publication on JOVA. Authors should be aware that the copyright of the materials contained in JOVA belongs to JOVA journal.<\/li>\n<li>JOVA requests the authors to obtain an approved permit from the Directorate of Excavations or the Museum Directorate, in case the photographs are used in the articles from the archives of excavations, excavation archives or museums.<\/li>\n<li>In the publications made as a result of the research carried out with support, the people, institutions or organizations that support them and their contributions should be stated.<\/li>\n<li>If the article is produced from the author&#039;s master&#039;s or doctoral thesis or from a project, this should be stated. Slicing, that is, publishing more than one article from a single study should not be done.<\/li>\n<li>After the author(s) receive the information that their article has been accepted for publication, the<b>Copyright Transfer Form<\/b>They should send it to the editors both electronically and by mail.<\/li>\n<\/ul>\n<p><b>Privacy Statement<\/b><\/p>\n<p>All data (name, personal information such as e-mail addresses, etc.) are used only for scientific studies of the journal. This data is not used for any other purpose and is not shared with third parties.<\/p>\n<p><b>Copyright and Licensing<\/b><\/p>\n<p>The authors are responsible for the opinions and suggestions in the articles and the accuracy of the sources. No copyright is paid to the articles published in the Journal. By agreeing to waive the copyright of their articles, the authors transfer the copyright of the articles accepted for publication to JOVA.<\/p>\n<p><b>Open Access Statement<\/b><\/p>\n<p>JOVA is an Open Access journal and makes its published content directly open access. With the content it publishes, the journal aims to contribute to the support and development of science with the Open Access Policy.<\/p>\n<p><b>Plagiarism Check<\/b><\/p>\n<p>Uygun bulunan \u00e7al\u0131\u015fmalar uluslararas\u0131 kabul g\u00f6ren benzerlik tarama programlar\u0131nca (akademik kurallara uygun bir bi\u00e7imde at\u0131f yap\u0131lan bire bir al\u0131nt\u0131lar, kaynak\u00e7a ve dipnot d\u0131\u015far\u0131da tutularak) taran\u0131r. %15\u2019den fazla benzerlik tespit edilen \u00e7al\u0131\u015fmalar hi\u00e7bir i\u015flem yap\u0131lmadan, tarama sonu\u00e7 raporu ile birlikte yazar \/ yazarlar\u0131na geri g\u00f6nderilecektir. \u0130ntihal denetimi Turnitin yaz\u0131l\u0131m\u0131 arac\u0131l\u0131\u011f\u0131yla ger\u00e7ekle\u015ftirilmektedir.<\/p>\n<p><b>Archiving<\/b><\/p>\n<p>It is archived in the JOVA database of our journal. In case the journal ceases to be published for any reason, the articles published in the past can be accessed here.<\/p>\n<\/div><\/div><\/div>\t\t<\/div>\n\t\t\t\t<\/div>\n\t\t\t\t\t<\/div>\n\t\t<\/div>\n\t\t\t\t\t\t\t<\/div>\n\t\t<\/section>\n\t\t\t\t\t\t\t<\/div>","protected":false},"excerpt":{"rendered":"<p>Gizlilik Politikas\u0131 Edit\u00f6r ve Bilim Kurulu\u2019nun Etik Sorumluluklar\u0131 Edit\u00f6r bir makaleyi kabul etmek ya da reddetmek i\u00e7in t\u00fcm sorumlulu\u011fa ve yetkiye sahiptir. Bilim Kurulu dergiyle ili\u015fkili bilimsel i\u00e7erik ve yaz\u0131m kurallar\u0131yla ilgilenir. Bilim Kurulu kabul etti\u011fi ya da reddetti\u011fi makaleler ile ilgili \u00e7\u0131kar \u00e7at\u0131\u015fmas\u0131 i\u00e7erisinde olmamal\u0131d\u0131r. Bilim Kurulu sadece alana katk\u0131 sa\u011flayacak makaleleri kabul etmelidir. [&hellip;]<\/p>","protected":false},"author":1,"featured_media":0,"parent":0,"menu_order":0,"comment_status":"closed","ping_status":"open","template":"elementor_header_footer","meta":{"_jf_save_progress":"","_jf_limit_responses":"","_jet_sm_ready_style":"","_jet_sm_style":"","_jet_sm_controls_values":"","_jet_sm_fonts_collection":"","_jet_sm_fonts_links":"","footnotes":""},"coauthors":[],"class_list":["post-3","page","type-page","status-publish","hentry"],"_links":{"self":[{"href":"https:\/\/www.jovarchaeology.com\/en\/wp-json\/wp\/v2\/pages\/3","targetHints":{"allow":["GET"]}}],"collection":[{"href":"https:\/\/www.jovarchaeology.com\/en\/wp-json\/wp\/v2\/pages"}],"about":[{"href":"https:\/\/www.jovarchaeology.com\/en\/wp-json\/wp\/v2\/types\/page"}],"author":[{"embeddable":true,"href":"https:\/\/www.jovarchaeology.com\/en\/wp-json\/wp\/v2\/users\/1"}],"replies":[{"embeddable":true,"href":"https:\/\/www.jovarchaeology.com\/en\/wp-json\/wp\/v2\/comments?post=3"}],"version-history":[{"count":0,"href":"https:\/\/www.jovarchaeology.com\/en\/wp-json\/wp\/v2\/pages\/3\/revisions"}],"wp:attachment":[{"href":"https:\/\/www.jovarchaeology.com\/en\/wp-json\/wp\/v2\/media?parent=3"}],"wp:term":[{"taxonomy":"author","embeddable":true,"href":"https:\/\/www.jovarchaeology.com\/en\/wp-json\/wp\/v2\/coauthors?post=3"}],"curies":[{"name":"wp","href":"https:\/\/api.w.org\/{rel}","templated":true}]}}